{"id":6058,"date":"2018-11-15T08:27:18","date_gmt":"2018-11-15T08:27:18","guid":{"rendered":"http:\/\/wordpress1957991.home.pl\/autoinstalator\/goldenbreeding\/?page_id=6058"},"modified":"2018-11-15T21:20:05","modified_gmt":"2018-11-15T21:20:05","slug":"geraldy-kabiny-transportowe-dla-golebi","status":"publish","type":"page","link":"https:\/\/goldenbreeding.com\/de\/geraldy-kabiny-transportowe-dla-golebi\/","title":{"rendered":"Geraldy &#8211; Brieftaubentransport"},"content":{"rendered":"<p id=\"tw-target-text\" class=\"tw-data-text tw-ta tw-text-small\" dir=\"ltr\" data-placeholder=\"T\u0142umaczenie\"><span lang=\"pl\"><img loading=\"lazy\" class=\"alignnone size-large wp-image-6062\" src=\"https:\/\/goldenbreeding.com\/wp-content\/uploads\/2018\/11\/Zrzut-ekranu-2018-11-15-11.59.15-1024x61.png\" alt=\"\" width=\"930\" height=\"55\" srcset=\"https:\/\/goldenbreeding.com\/wp-content\/uploads\/2018\/11\/Zrzut-ekranu-2018-11-15-11.59.15-1024x61.png 1024w, https:\/\/goldenbreeding.com\/wp-content\/uploads\/2018\/11\/Zrzut-ekranu-2018-11-15-11.59.15-300x18.png 300w, https:\/\/goldenbreeding.com\/wp-content\/uploads\/2018\/11\/Zrzut-ekranu-2018-11-15-11.59.15-768x46.png 768w, https:\/\/goldenbreeding.com\/wp-content\/uploads\/2018\/11\/Zrzut-ekranu-2018-11-15-11.59.15-919x55.png 919w, https:\/\/goldenbreeding.com\/wp-content\/uploads\/2018\/11\/Zrzut-ekranu-2018-11-15-11.59.15-1800x108.png 1800w, https:\/\/goldenbreeding.com\/wp-content\/uploads\/2018\/11\/Zrzut-ekranu-2018-11-15-11.59.15-1000x60.png 1000w, https:\/\/goldenbreeding.com\/wp-content\/uploads\/2018\/11\/Zrzut-ekranu-2018-11-15-11.59.15-600x36.png 600w\" sizes=\"(max-width: 930px) 100vw, 930px\" \/><br \/>\nGeraldy Transportfahrzeuge aller Gr\u00f6\u00dfen und Ausf\u00fchrungen sind mittlerweile weltweit erfolgreich im Einsatz. Ob es sich dabei um Auflieger, komplette Z\u00fcge f\u00fcr bis zu 8.000 Tauben, Transporter oder Anh\u00e4nger handelt, die solide Handarbeit &#8220;Made in Germany&#8221; wird \u00fcberall gesch\u00e4tzt<br \/>\n<\/span><\/p>\n<p><a href=\"https:\/\/www.geraldy-kfz.de\/transporter.html\">Webseite<\/a><\/p>\n<p dir=\"ltr\" data-placeholder=\"T\u0142umaczenie\"><img loading=\"lazy\" class=\"alignnone size-full wp-image-6067 aligncenter\" src=\"https:\/\/goldenbreeding.com\/wp-content\/uploads\/2018\/11\/transporter_rot_2012_offen.jpg\" alt=\"\" width=\"550\" height=\"208\" srcset=\"https:\/\/goldenbreeding.com\/wp-content\/uploads\/2018\/11\/transporter_rot_2012_offen.jpg 550w, https:\/\/goldenbreeding.com\/wp-content\/uploads\/2018\/11\/transporter_rot_2012_offen-300x113.jpg 300w, https:\/\/goldenbreeding.com\/wp-content\/uploads\/2018\/11\/transporter_rot_2012_offen-145x55.jpg 145w\" sizes=\"(max-width: 550px) 100vw, 550px\" \/><\/p>\n<div id='gallery-1' class='gallery galleryid-6058 gallery-columns-3 gallery-size-large'><figure class='gallery-item'>\n\t\t\t<div class='gallery-icon landscape'>\n\t\t\t\t<a href='https:\/\/goldenbreeding.com\/de\/geraldy-kabiny-transportowe-dla-golebi\/3c051263-c092-4c07-aa87-dfe5e0ba3a7c\/'><img width=\"930\" height=\"698\" src=\"https:\/\/goldenbreeding.com\/wp-content\/uploads\/2018\/11\/3c051263-c092-4c07-aa87-dfe5e0ba3a7c-1024x768.jpg\" class=\"attachment-large size-large\" alt=\"\" loading=\"lazy\" srcset=\"https:\/\/goldenbreeding.com\/wp-content\/uploads\/2018\/11\/3c051263-c092-4c07-aa87-dfe5e0ba3a7c.jpg 1024w, https:\/\/goldenbreeding.com\/wp-content\/uploads\/2018\/11\/3c051263-c092-4c07-aa87-dfe5e0ba3a7c-300x225.jpg 300w, https:\/\/goldenbreeding.com\/wp-content\/uploads\/2018\/11\/3c051263-c092-4c07-aa87-dfe5e0ba3a7c-768x576.jpg 768w, https:\/\/goldenbreeding.com\/wp-content\/uploads\/2018\/11\/3c051263-c092-4c07-aa87-dfe5e0ba3a7c-73x55.jpg 73w, https:\/\/goldenbreeding.com\/wp-content\/uploads\/2018\/11\/3c051263-c092-4c07-aa87-dfe5e0ba3a7c-1000x750.jpg 1000w, https:\/\/goldenbreeding.com\/wp-content\/uploads\/2018\/11\/3c051263-c092-4c07-aa87-dfe5e0ba3a7c-600x450.jpg 600w, https:\/\/goldenbreeding.com\/wp-content\/uploads\/2018\/11\/3c051263-c092-4c07-aa87-dfe5e0ba3a7c-747x560.jpg 747w\" sizes=\"(max-width: 930px) 100vw, 930px\" \/><\/a>\n\t\t\t<\/div><\/figure><figure class='gallery-item'>\n\t\t\t<div class='gallery-icon landscape'>\n\t\t\t\t<a href='https:\/\/goldenbreeding.com\/de\/geraldy-kabiny-transportowe-dla-golebi\/427778a6-e5fa-4a1a-8f8e-be667e06de56\/'><img width=\"930\" height=\"698\" src=\"https:\/\/goldenbreeding.com\/wp-content\/uploads\/2018\/11\/427778a6-e5fa-4a1a-8f8e-be667e06de56-1024x768.jpg\" class=\"attachment-large size-large\" alt=\"\" loading=\"lazy\" srcset=\"https:\/\/goldenbreeding.com\/wp-content\/uploads\/2018\/11\/427778a6-e5fa-4a1a-8f8e-be667e06de56.jpg 1024w, https:\/\/goldenbreeding.com\/wp-content\/uploads\/2018\/11\/427778a6-e5fa-4a1a-8f8e-be667e06de56-300x225.jpg 300w, https:\/\/goldenbreeding.com\/wp-content\/uploads\/2018\/11\/427778a6-e5fa-4a1a-8f8e-be667e06de56-768x576.jpg 768w, https:\/\/goldenbreeding.com\/wp-content\/uploads\/2018\/11\/427778a6-e5fa-4a1a-8f8e-be667e06de56-73x55.jpg 73w, https:\/\/goldenbreeding.com\/wp-content\/uploads\/2018\/11\/427778a6-e5fa-4a1a-8f8e-be667e06de56-1000x750.jpg 1000w, https:\/\/goldenbreeding.com\/wp-content\/uploads\/2018\/11\/427778a6-e5fa-4a1a-8f8e-be667e06de56-600x450.jpg 600w, https:\/\/goldenbreeding.com\/wp-content\/uploads\/2018\/11\/427778a6-e5fa-4a1a-8f8e-be667e06de56-747x560.jpg 747w\" sizes=\"(max-width: 930px) 100vw, 930px\" \/><\/a>\n\t\t\t<\/div><\/figure><figure class='gallery-item'>\n\t\t\t<div class='gallery-icon landscape'>\n\t\t\t\t<a href='https:\/\/goldenbreeding.com\/de\/geraldy-kabiny-transportowe-dla-golebi\/a5e28387-a288-41be-9a94-f524da112a58\/'><img width=\"930\" height=\"698\" src=\"https:\/\/goldenbreeding.com\/wp-content\/uploads\/2018\/11\/a5e28387-a288-41be-9a94-f524da112a58-1024x768.jpg\" class=\"attachment-large size-large\" alt=\"\" loading=\"lazy\" srcset=\"https:\/\/goldenbreeding.com\/wp-content\/uploads\/2018\/11\/a5e28387-a288-41be-9a94-f524da112a58.jpg 1024w, https:\/\/goldenbreeding.com\/wp-content\/uploads\/2018\/11\/a5e28387-a288-41be-9a94-f524da112a58-300x225.jpg 300w, https:\/\/goldenbreeding.com\/wp-content\/uploads\/2018\/11\/a5e28387-a288-41be-9a94-f524da112a58-768x576.jpg 768w, https:\/\/goldenbreeding.com\/wp-content\/uploads\/2018\/11\/a5e28387-a288-41be-9a94-f524da112a58-73x55.jpg 73w, https:\/\/goldenbreeding.com\/wp-content\/uploads\/2018\/11\/a5e28387-a288-41be-9a94-f524da112a58-1000x750.jpg 1000w, https:\/\/goldenbreeding.com\/wp-content\/uploads\/2018\/11\/a5e28387-a288-41be-9a94-f524da112a58-600x450.jpg 600w, https:\/\/goldenbreeding.com\/wp-content\/uploads\/2018\/11\/a5e28387-a288-41be-9a94-f524da112a58-747x560.jpg 747w\" sizes=\"(max-width: 930px) 100vw, 930px\" \/><\/a>\n\t\t\t<\/div><\/figure>\n\t\t<\/div>\n\n<p><img loading=\"lazy\" class=\"alignnone size-full wp-image-6073 aligncenter\" src=\"https:\/\/goldenbreeding.com\/wp-content\/uploads\/2018\/11\/man_seite_offen-1.jpg\" alt=\"\" width=\"550\" height=\"273\" srcset=\"https:\/\/goldenbreeding.com\/wp-content\/uploads\/2018\/11\/man_seite_offen-1.jpg 550w, https:\/\/goldenbreeding.com\/wp-content\/uploads\/2018\/11\/man_seite_offen-1-300x149.jpg 300w, https:\/\/goldenbreeding.com\/wp-content\/uploads\/2018\/11\/man_seite_offen-1-111x55.jpg 111w\" sizes=\"(max-width: 550px) 100vw, 550px\" \/><\/p>\n<p style=\"text-align: center;\"><span style=\"font-size: 18pt;\"><a href=\"https:\/\/www.geraldy-kfz.de\/transporter.html\">>> Webseite <<<\/a><\/span><\/p>\n<p><img loading=\"lazy\" class=\"alignnone size-full wp-image-6074\" src=\"https:\/\/goldenbreeding.com\/wp-content\/uploads\/2018\/11\/geraldy_tauben_14.gif\" alt=\"\" width=\"1200\" height=\"220\" \/><\/p>\n","protected":false},"excerpt":{"rendered":"<p>Geraldy Transportfahrzeuge aller Gr\u00f6\u00dfen und Ausf\u00fchrungen sind mittlerweile weltweit erfolgreich im Einsatz. Ob es sich dabei um Auflieger, komplette Z\u00fcge f\u00fcr bis zu 8.000 Tauben, Transporter oder Anh\u00e4nger handelt, die solide Handarbeit &#8220;Made in Germany&#8221; wird \u00fcberall gesch\u00e4tzt Webseite >> Webseite<\/p>\n","protected":false},"author":1,"featured_media":0,"parent":0,"menu_order":0,"comment_status":"closed","ping_status":"closed","template":"","meta":{"ngg_post_thumbnail":0},"yst_prominent_words":[114,93,113,112,115],"translation":{"provider":"WPGlobus","version":"2.8.0","language":"de","enabled_languages":["pl","en","de"],"languages":{"pl":{"title":true,"content":true,"excerpt":false},"en":{"title":true,"content":true,"excerpt":false},"de":{"title":true,"content":true,"excerpt":false}}},"_links":{"self":[{"href":"https:\/\/goldenbreeding.com\/de\/wp-json\/wp\/v2\/pages\/6058"}],"collection":[{"href":"https:\/\/goldenbreeding.com\/de\/wp-json\/wp\/v2\/pages"}],"about":[{"href":"https:\/\/goldenbreeding.com\/de\/wp-json\/wp\/v2\/types\/page"}],"author":[{"embeddable":true,"href":"https:\/\/goldenbreeding.com\/de\/wp-json\/wp\/v2\/users\/1"}],"replies":[{"embeddable":true,"href":"https:\/\/goldenbreeding.com\/de\/wp-json\/wp\/v2\/comments?post=6058"}],"version-history":[{"count":8,"href":"https:\/\/goldenbreeding.com\/de\/wp-json\/wp\/v2\/pages\/6058\/revisions"}],"predecessor-version":[{"id":6078,"href":"https:\/\/goldenbreeding.com\/de\/wp-json\/wp\/v2\/pages\/6058\/revisions\/6078"}],"wp:attachment":[{"href":"https:\/\/goldenbreeding.com\/de\/wp-json\/wp\/v2\/media?parent=6058"}],"wp:term":[{"taxonomy":"yst_prominent_words","embeddable":true,"href":"https:\/\/goldenbreeding.com\/de\/wp-json\/wp\/v2\/yst_prominent_words?post=6058"}],"curies":[{"name":"wp","href":"https:\/\/api.w.org\/{rel}","templated":true}]}}