{"id":5967,"date":"2018-11-13T19:06:32","date_gmt":"2018-11-13T19:06:32","guid":{"rendered":"http:\/\/wordpress1957991.home.pl\/autoinstalator\/goldenbreeding\/?page_id=5967"},"modified":"2018-11-20T17:52:15","modified_gmt":"2018-11-20T17:52:15","slug":"koopman-prange","status":"publish","type":"page","link":"https:\/\/goldenbreeding.com\/de\/koopman-prange\/","title":{"rendered":"Koopman &#038; Prange"},"content":{"rendered":"<p style=\"text-align: left;\">Seit 30 Jahren sind die Sportfreunde <strong>Gerard Koopman<\/strong> und <strong>G\u00fcnter Prange<\/strong> famili\u00e4r befreundet.<br \/>\nBeide haben in diesen Jahren und bis heute eines gemeinsam: Sie betreiben den Taubensport auf h\u00f6chstem Niveau und au\u00dfergew\u00f6hnlich erfolgreich. So war <strong>Gerard Koopman<\/strong> in den letzten Jahren stets unter den ersten <strong>Holl\u00e4ndischen<\/strong> Meistern auf der Gr\u00f6ssen Weitstrecke zu finden mit zum Teil unglaublich guten Flugergebnissen.<\/p>\n<p><strong>G\u00fcnter Prange<\/strong> ist Rekordhalter im Wettstreit der GOUDEN DUIF mit insgesamt 7 Siegen.<br \/>\nBekannt wurde er jedoch durch den <strong>RINGLOSEN<\/strong> und seiner grossartigen Nachzucht mit vielen Ass-Tauben bei anderen Z\u00fcchtern.<br \/>\n<iframe loading=\"lazy\" src=\"https:\/\/www.youtube.com\/embed\/xQ-901rTwN4\" width=\"560\" height=\"315\" frameborder=\"0\" allowfullscreen=\"allowfullscreen\"><\/iframe><\/p>\n<p style=\"text-align: left;\"><iframe loading=\"lazy\" src=\"https:\/\/www.youtube.com\/embed\/WVaN6x2fK_Q\" width=\"560\" height=\"315\" frameborder=\"0\" allowfullscreen=\"allowfullscreen\"><\/iframe><\/p>\n<p><span style=\"font-size: 24pt;\"><strong>GALERIA<\/strong><\/span><\/p>\n<div id='gallery-1' class='gallery galleryid-5967 gallery-columns-3 gallery-size-large'><figure class='gallery-item'>\n\t\t\t<div class='gallery-icon landscape'>\n\t\t\t\t<a href='https:\/\/goldenbreeding.com\/de\/koopman-prange\/img_7699\/'><img width=\"930\" height=\"698\" src=\"https:\/\/goldenbreeding.com\/wp-content\/uploads\/2018\/11\/IMG_7699-1024x768.jpg\" class=\"attachment-large size-large\" alt=\"\" loading=\"lazy\" srcset=\"https:\/\/goldenbreeding.com\/wp-content\/uploads\/2018\/11\/IMG_7699.jpg 1024w, https:\/\/goldenbreeding.com\/wp-content\/uploads\/2018\/11\/IMG_7699-300x225.jpg 300w, https:\/\/goldenbreeding.com\/wp-content\/uploads\/2018\/11\/IMG_7699-768x576.jpg 768w, https:\/\/goldenbreeding.com\/wp-content\/uploads\/2018\/11\/IMG_7699-73x55.jpg 73w, https:\/\/goldenbreeding.com\/wp-content\/uploads\/2018\/11\/IMG_7699-1000x750.jpg 1000w, https:\/\/goldenbreeding.com\/wp-content\/uploads\/2018\/11\/IMG_7699-600x450.jpg 600w, https:\/\/goldenbreeding.com\/wp-content\/uploads\/2018\/11\/IMG_7699-747x560.jpg 747w\" sizes=\"(max-width: 930px) 100vw, 930px\" \/><\/a>\n\t\t\t<\/div><\/figure><figure class='gallery-item'>\n\t\t\t<div class='gallery-icon landscape'>\n\t\t\t\t<a href='https:\/\/goldenbreeding.com\/de\/koopman-prange\/img_1986\/'><img width=\"930\" height=\"698\" src=\"https:\/\/goldenbreeding.com\/wp-content\/uploads\/2018\/11\/IMG_1986-1024x768.jpg\" class=\"attachment-large size-large\" alt=\"\" loading=\"lazy\" srcset=\"https:\/\/goldenbreeding.com\/wp-content\/uploads\/2018\/11\/IMG_1986-1024x768.jpg 1024w, https:\/\/goldenbreeding.com\/wp-content\/uploads\/2018\/11\/IMG_1986-300x225.jpg 300w, https:\/\/goldenbreeding.com\/wp-content\/uploads\/2018\/11\/IMG_1986-768x576.jpg 768w, https:\/\/goldenbreeding.com\/wp-content\/uploads\/2018\/11\/IMG_1986-73x55.jpg 73w, https:\/\/goldenbreeding.com\/wp-content\/uploads\/2018\/11\/IMG_1986-1800x1350.jpg 1800w, https:\/\/goldenbreeding.com\/wp-content\/uploads\/2018\/11\/IMG_1986-1000x750.jpg 1000w, https:\/\/goldenbreeding.com\/wp-content\/uploads\/2018\/11\/IMG_1986-600x450.jpg 600w, https:\/\/goldenbreeding.com\/wp-content\/uploads\/2018\/11\/IMG_1986-747x560.jpg 747w\" sizes=\"(max-width: 930px) 100vw, 930px\" \/><\/a>\n\t\t\t<\/div><\/figure><figure class='gallery-item'>\n\t\t\t<div class='gallery-icon landscape'>\n\t\t\t\t<a href='https:\/\/goldenbreeding.com\/de\/koopman-prange\/74bb8451-db6e-4f0a-a36e-75ba293c4524\/'><img width=\"930\" height=\"698\" src=\"https:\/\/goldenbreeding.com\/wp-content\/uploads\/2018\/11\/74bb8451-db6e-4f0a-a36e-75ba293c4524-1024x768.jpg\" class=\"attachment-large size-large\" alt=\"\" loading=\"lazy\" srcset=\"https:\/\/goldenbreeding.com\/wp-content\/uploads\/2018\/11\/74bb8451-db6e-4f0a-a36e-75ba293c4524.jpg 1024w, https:\/\/goldenbreeding.com\/wp-content\/uploads\/2018\/11\/74bb8451-db6e-4f0a-a36e-75ba293c4524-300x225.jpg 300w, https:\/\/goldenbreeding.com\/wp-content\/uploads\/2018\/11\/74bb8451-db6e-4f0a-a36e-75ba293c4524-768x576.jpg 768w, https:\/\/goldenbreeding.com\/wp-content\/uploads\/2018\/11\/74bb8451-db6e-4f0a-a36e-75ba293c4524-73x55.jpg 73w, https:\/\/goldenbreeding.com\/wp-content\/uploads\/2018\/11\/74bb8451-db6e-4f0a-a36e-75ba293c4524-1000x750.jpg 1000w, https:\/\/goldenbreeding.com\/wp-content\/uploads\/2018\/11\/74bb8451-db6e-4f0a-a36e-75ba293c4524-600x450.jpg 600w, https:\/\/goldenbreeding.com\/wp-content\/uploads\/2018\/11\/74bb8451-db6e-4f0a-a36e-75ba293c4524-747x560.jpg 747w\" sizes=\"(max-width: 930px) 100vw, 930px\" \/><\/a>\n\t\t\t<\/div><\/figure><figure class='gallery-item'>\n\t\t\t<div class='gallery-icon landscape'>\n\t\t\t\t<a href='https:\/\/goldenbreeding.com\/de\/koopman-prange\/img_7698\/'><img width=\"930\" height=\"698\" src=\"https:\/\/goldenbreeding.com\/wp-content\/uploads\/2018\/11\/IMG_7698-1024x768.jpg\" class=\"attachment-large size-large\" alt=\"\" loading=\"lazy\" srcset=\"https:\/\/goldenbreeding.com\/wp-content\/uploads\/2018\/11\/IMG_7698-1024x768.jpg 1024w, https:\/\/goldenbreeding.com\/wp-content\/uploads\/2018\/11\/IMG_7698-300x225.jpg 300w, https:\/\/goldenbreeding.com\/wp-content\/uploads\/2018\/11\/IMG_7698-768x576.jpg 768w, https:\/\/goldenbreeding.com\/wp-content\/uploads\/2018\/11\/IMG_7698-73x55.jpg 73w, https:\/\/goldenbreeding.com\/wp-content\/uploads\/2018\/11\/IMG_7698-1000x750.jpg 1000w, https:\/\/goldenbreeding.com\/wp-content\/uploads\/2018\/11\/IMG_7698-600x450.jpg 600w, https:\/\/goldenbreeding.com\/wp-content\/uploads\/2018\/11\/IMG_7698-747x560.jpg 747w, https:\/\/goldenbreeding.com\/wp-content\/uploads\/2018\/11\/IMG_7698.jpg 1440w\" sizes=\"(max-width: 930px) 100vw, 930px\" \/><\/a>\n\t\t\t<\/div><\/figure><figure class='gallery-item'>\n\t\t\t<div class='gallery-icon portrait'>\n\t\t\t\t<a href='https:\/\/goldenbreeding.com\/de\/koopman-prange\/img_7688\/'><img width=\"768\" height=\"1024\" src=\"https:\/\/goldenbreeding.com\/wp-content\/uploads\/2018\/11\/IMG_7688-768x1024.jpg\" class=\"attachment-large size-large\" alt=\"\" loading=\"lazy\" srcset=\"https:\/\/goldenbreeding.com\/wp-content\/uploads\/2018\/11\/IMG_7688.jpg 768w, https:\/\/goldenbreeding.com\/wp-content\/uploads\/2018\/11\/IMG_7688-225x300.jpg 225w, https:\/\/goldenbreeding.com\/wp-content\/uploads\/2018\/11\/IMG_7688-41x55.jpg 41w, https:\/\/goldenbreeding.com\/wp-content\/uploads\/2018\/11\/IMG_7688-600x800.jpg 600w, https:\/\/goldenbreeding.com\/wp-content\/uploads\/2018\/11\/IMG_7688-420x560.jpg 420w\" sizes=\"(max-width: 768px) 100vw, 768px\" \/><\/a>\n\t\t\t<\/div><\/figure>\n\t\t<\/div>\n\n","protected":false},"excerpt":{"rendered":"<p>Seit 30 Jahren sind die Sportfreunde Gerard Koopman und G\u00fcnter Prange famili\u00e4r befreundet. Beide haben in diesen Jahren und bis heute eines gemeinsam: Sie betreiben den Taubensport auf h\u00f6chstem Niveau und au\u00dfergew\u00f6hnlich erfolgreich. So war Gerard Koopman in den letzten Jahren stets unter den ersten Holl\u00e4ndischen Meistern auf der Gr\u00f6ssen [&hellip;]<\/p>\n","protected":false},"author":1,"featured_media":0,"parent":0,"menu_order":0,"comment_status":"closed","ping_status":"closed","template":"","meta":{"ngg_post_thumbnail":0},"yst_prominent_words":[72,70,74,71,73,75,78],"translation":{"provider":"WPGlobus","version":"2.8.0","language":"de","enabled_languages":["pl","en","de"],"languages":{"pl":{"title":true,"content":true,"excerpt":false},"en":{"title":true,"content":true,"excerpt":false},"de":{"title":true,"content":true,"excerpt":false}}},"_links":{"self":[{"href":"https:\/\/goldenbreeding.com\/de\/wp-json\/wp\/v2\/pages\/5967"}],"collection":[{"href":"https:\/\/goldenbreeding.com\/de\/wp-json\/wp\/v2\/pages"}],"about":[{"href":"https:\/\/goldenbreeding.com\/de\/wp-json\/wp\/v2\/types\/page"}],"author":[{"embeddable":true,"href":"https:\/\/goldenbreeding.com\/de\/wp-json\/wp\/v2\/users\/1"}],"replies":[{"embeddable":true,"href":"https:\/\/goldenbreeding.com\/de\/wp-json\/wp\/v2\/comments?post=5967"}],"version-history":[{"count":16,"href":"https:\/\/goldenbreeding.com\/de\/wp-json\/wp\/v2\/pages\/5967\/revisions"}],"predecessor-version":[{"id":6126,"href":"https:\/\/goldenbreeding.com\/de\/wp-json\/wp\/v2\/pages\/5967\/revisions\/6126"}],"wp:attachment":[{"href":"https:\/\/goldenbreeding.com\/de\/wp-json\/wp\/v2\/media?parent=5967"}],"wp:term":[{"taxonomy":"yst_prominent_words","embeddable":true,"href":"https:\/\/goldenbreeding.com\/de\/wp-json\/wp\/v2\/yst_prominent_words?post=5967"}],"curies":[{"name":"wp","href":"https:\/\/api.w.org\/{rel}","templated":true}]}}